
{"id":1185,"date":"2021-04-22T16:42:43","date_gmt":"2021-04-22T14:42:43","guid":{"rendered":"http:\/\/o74foajsim.preview.infomaniak.website\/?post_type=product&#038;p=1185"},"modified":"2026-04-18T17:46:00","modified_gmt":"2026-04-18T15:46:00","slug":"gin-du-tregor","status":"publish","type":"product","link":"https:\/\/www.celtic-whisky-distillerie.fr\/en\/product\/gin-du-tregor\/","title":{"rendered":"Saint Maudez &#8211; Gin du Tr\u00e9gor"},"content":{"rendered":"<p>Teneur en alcool : 44.7%<\/p>\n<p>Volume : 70 cl<\/p>\n<p>Saveurs : geni\u00e8vre, coriandre, racines d&#8217;ang\u00e9lique, r\u00e9glisse, zestes d&#8217;agrumes<\/p>\n","protected":false},"excerpt":{"rendered":"<p>Dry Gin artisanal, offrant une large palette aromatique autour des baies de geni\u00e8vre, de la coriandre, des racines d&#8217;ang\u00e9lique, des zestes d&#8217;agrumes ainsi que des algues de la Presqu&#8217;\u00eele Sauvage \u00e0 L&#8217; Armor-Pleubian. Un vrai plaisir pour les Gin Tonics.<\/p>\n","protected":false},"featured_media":4488,"template":"","meta":{"_acf_changed":false},"product_brand":[],"product_cat":[26],"product_tag":[27],"class_list":{"0":"post-1185","1":"product","2":"type-product","3":"status-publish","4":"has-post-thumbnail","6":"product_cat-gin","7":"product_tag-gin-du-tregor","9":"first","10":"instock","11":"taxable","12":"shipping-taxable","13":"purchasable","14":"product-type-simple"},"group_of_quantity":0,"min_quantity":0,"max_quantity":12,"exclude_order_quantity_value_rules":"no","exclude_category_quantity_rules":"no","combine_variations":"no","acf":[],"_links":{"self":[{"href":"https:\/\/www.celtic-whisky-distillerie.fr\/en\/wp-json\/wp\/v2\/product\/1185","targetHints":{"allow":["GET"]}}],"collection":[{"href":"https:\/\/www.celtic-whisky-distillerie.fr\/en\/wp-json\/wp\/v2\/product"}],"about":[{"href":"https:\/\/www.celtic-whisky-distillerie.fr\/en\/wp-json\/wp\/v2\/types\/product"}],"wp:featuredmedia":[{"embeddable":true,"href":"https:\/\/www.celtic-whisky-distillerie.fr\/en\/wp-json\/wp\/v2\/media\/4488"}],"wp:attachment":[{"href":"https:\/\/www.celtic-whisky-distillerie.fr\/en\/wp-json\/wp\/v2\/media?parent=1185"}],"wp:term":[{"taxonomy":"product_brand","embeddable":true,"href":"https:\/\/www.celtic-whisky-distillerie.fr\/en\/wp-json\/wp\/v2\/product_brand?post=1185"},{"taxonomy":"product_cat","embeddable":true,"href":"https:\/\/www.celtic-whisky-distillerie.fr\/en\/wp-json\/wp\/v2\/product_cat?post=1185"},{"taxonomy":"product_tag","embeddable":true,"href":"https:\/\/www.celtic-whisky-distillerie.fr\/en\/wp-json\/wp\/v2\/product_tag?post=1185"}],"curies":[{"name":"wp","href":"https:\/\/api.w.org\/{rel}","templated":true}]}}