
{"id":1193,"date":"2021-04-22T16:54:10","date_gmt":"2021-04-22T14:54:10","guid":{"rendered":"http:\/\/o74foajsim.preview.infomaniak.website\/?post_type=product&#038;p=1193"},"modified":"2026-04-27T19:46:18","modified_gmt":"2026-04-27T17:46:18","slug":"perfect-dram-kornog","status":"publish","type":"product","link":"https:\/\/www.celtic-whisky-distillerie.fr\/en\/product\/perfect-dram-kornog\/","title":{"rendered":"Perfect Dram Kornog"},"content":{"rendered":"","protected":false},"excerpt":{"rendered":"<p>Ce &#8220;Perfect Dram&#8221; d&#8217;une contenance d&#8217;environ 9cl vous permettra d&#8217;appr\u00e9cier et partager avec mod\u00e9ration et \u00e9l\u00e9gance les meilleurs whiskies.<\/p>\n","protected":false},"featured_media":2635,"template":"","meta":{"_acf_changed":false},"product_brand":[],"product_cat":[22],"product_tag":[58,29],"class_list":{"0":"post-1193","1":"product","2":"type-product","3":"status-publish","4":"has-post-thumbnail","6":"product_cat-verrerie","7":"product_tag-perfect-dram","8":"product_tag-verres","10":"first","11":"instock","12":"taxable","13":"shipping-taxable","14":"purchasable","15":"product-type-variable"},"group_of_quantity":0,"min_quantity":0,"max_quantity":"","exclude_order_quantity_value_rules":"no","exclude_category_quantity_rules":"no","combine_variations":"no","acf":[],"_links":{"self":[{"href":"https:\/\/www.celtic-whisky-distillerie.fr\/en\/wp-json\/wp\/v2\/product\/1193","targetHints":{"allow":["GET"]}}],"collection":[{"href":"https:\/\/www.celtic-whisky-distillerie.fr\/en\/wp-json\/wp\/v2\/product"}],"about":[{"href":"https:\/\/www.celtic-whisky-distillerie.fr\/en\/wp-json\/wp\/v2\/types\/product"}],"wp:featuredmedia":[{"embeddable":true,"href":"https:\/\/www.celtic-whisky-distillerie.fr\/en\/wp-json\/wp\/v2\/media\/2635"}],"wp:attachment":[{"href":"https:\/\/www.celtic-whisky-distillerie.fr\/en\/wp-json\/wp\/v2\/media?parent=1193"}],"wp:term":[{"taxonomy":"product_brand","embeddable":true,"href":"https:\/\/www.celtic-whisky-distillerie.fr\/en\/wp-json\/wp\/v2\/product_brand?post=1193"},{"taxonomy":"product_cat","embeddable":true,"href":"https:\/\/www.celtic-whisky-distillerie.fr\/en\/wp-json\/wp\/v2\/product_cat?post=1193"},{"taxonomy":"product_tag","embeddable":true,"href":"https:\/\/www.celtic-whisky-distillerie.fr\/en\/wp-json\/wp\/v2\/product_tag?post=1193"}],"curies":[{"name":"wp","href":"https:\/\/api.w.org\/{rel}","templated":true}]}}