
{"id":332,"date":"2021-04-07T09:49:16","date_gmt":"2021-04-07T07:49:16","guid":{"rendered":"http:\/\/o74foajsim.preview.infomaniak.website\/?post_type=product&#038;p=332"},"modified":"2024-11-07T14:38:58","modified_gmt":"2024-11-07T13:38:58","slug":"kornog","status":"publish","type":"product","link":"https:\/\/www.celtic-whisky-distillerie.fr\/en\/product\/kornog\/","title":{"rendered":"Kornog"},"content":{"rendered":"<p>Livr\u00e9 sous canister<\/p>\n<p>Teneur en alcool : 46%<\/p>\n<p>Volume : 70cl<\/p>\n<p>Nez s&#8217;ouvrant sur de puissantes notes iod\u00e9es, suivi rapidement par des ar\u00f4mes fruit\u00e9s (huile d&#8217;amande, pommes vertes, ananas frais, fruits de la passion).<br \/>\nLa bouche est tr\u00e8s fra\u00eeche, r\u00e9v\u00e9lant une tourbe puissante mais qui se fond parmi les notes d&#8217;herbe, de menthe et de verveine. Puis vient le fruit (ananas, mandarine).<br \/>\nLa finale est longue, douce et fruit\u00e9e.<\/p>\n","protected":false},"excerpt":{"rendered":"<p>L&#8217;embouteillage officiel du Single Malt tourb\u00e9 de la Celtic Whisky Distillerie. Un profil aromatique singulier offrant un rare \u00e9quilibre entre le fum\u00e9, la tourbe et des notes fruit\u00e9es. De nombreuses fois prim\u00e9s. 50 ppm de ph\u00e9nols<\/p>\n<p>Meilleur Whisky Europ\u00e9en dans la Whisky Bible 2016<\/p>\n<p>Meilleur Whisky Tourb\u00e9 Europ\u00e9en dans The Independent 2021<\/p>\n","protected":false},"featured_media":6915,"template":"","meta":{"_acf_changed":false},"product_brand":[],"product_cat":[21,77],"product_tag":[24],"class_list":{"0":"post-332","1":"product","2":"type-product","3":"status-publish","4":"has-post-thumbnail","6":"product_cat-whisky","7":"product_cat-single-malt-de-bretagne","8":"product_tag-kornog","10":"first","11":"instock","12":"taxable","13":"shipping-taxable","14":"purchasable","15":"product-type-simple"},"group_of_quantity":0,"min_quantity":0,"max_quantity":12,"exclude_order_quantity_value_rules":"no","exclude_category_quantity_rules":"no","combine_variations":"no","acf":[],"_links":{"self":[{"href":"https:\/\/www.celtic-whisky-distillerie.fr\/en\/wp-json\/wp\/v2\/product\/332","targetHints":{"allow":["GET"]}}],"collection":[{"href":"https:\/\/www.celtic-whisky-distillerie.fr\/en\/wp-json\/wp\/v2\/product"}],"about":[{"href":"https:\/\/www.celtic-whisky-distillerie.fr\/en\/wp-json\/wp\/v2\/types\/product"}],"wp:featuredmedia":[{"embeddable":true,"href":"https:\/\/www.celtic-whisky-distillerie.fr\/en\/wp-json\/wp\/v2\/media\/6915"}],"wp:attachment":[{"href":"https:\/\/www.celtic-whisky-distillerie.fr\/en\/wp-json\/wp\/v2\/media?parent=332"}],"wp:term":[{"taxonomy":"product_brand","embeddable":true,"href":"https:\/\/www.celtic-whisky-distillerie.fr\/en\/wp-json\/wp\/v2\/product_brand?post=332"},{"taxonomy":"product_cat","embeddable":true,"href":"https:\/\/www.celtic-whisky-distillerie.fr\/en\/wp-json\/wp\/v2\/product_cat?post=332"},{"taxonomy":"product_tag","embeddable":true,"href":"https:\/\/www.celtic-whisky-distillerie.fr\/en\/wp-json\/wp\/v2\/product_tag?post=332"}],"curies":[{"name":"wp","href":"https:\/\/api.w.org\/{rel}","templated":true}]}}