
{"id":3886,"date":"2022-09-15T15:31:36","date_gmt":"2022-09-15T13:31:36","guid":{"rendered":"https:\/\/p13mdcbjuaa.preview.infomaniak.website\/?post_type=product&#038;p=3886"},"modified":"2026-02-18T01:45:08","modified_gmt":"2026-02-18T00:45:08","slug":"kornog-sant-ivy","status":"publish","type":"product","link":"https:\/\/www.celtic-whisky-distillerie.fr\/en\/product\/kornog-sant-ivy\/","title":{"rendered":"Kornog &#8211; Sant Ivy 2025"},"content":{"rendered":"<p>Livr\u00e9 sous canister<\/p>\n<p>Teneur en alcool :\u00a0 64,8 % vol<\/p>\n<p>Volume : 70cl<\/p>\n<p>Single Cask &#8211; maturation en ex-f\u00fbt de Bourbon<\/p>\n<p>Le nez ne peut que rappeler le lieu o\u00f9 ce Kornog a lentement matur\u00e9 : l\u2019iode et les notes de Silex rappellent le Sillon de Talbert tout proche ! Des notes de th\u00e9 noir, de vanille et d\u2019\u00e9pices, de gingembre, promettent une grande complexit\u00e9 pour la d\u00e9gustation \u00e0 venir !<\/p>\n<p>D\u00e8s la premi\u00e8re gorg\u00e9e, la tourbe s\u2019impose, franche et puissante. Elle se d\u00e9veloppe et r\u00e9v\u00e8le des saveurs de fleurs d\u2019orangers et d\u2019amande ! Puis nous d\u00e9couvrons des notes subtiles de r\u00e9glisse pour une finale longue et \u00e9quilibr\u00e9e m\u00ealant des notes fum\u00e9es, florales et le sel.<\/p>\n<p>&nbsp;<\/p>\n","protected":false},"excerpt":{"rendered":"<p>Single cask embouteill\u00e9 au degr\u00e9 naturel de 64, 8\u00a0 % Vol et habill\u00e9 de son \u00e9tiquette en \u00e9tain et or, pos\u00e9e \u00e0 la main.<\/p>\n<p>Edition limit\u00e9e \u00e0 256 bouteilles<\/p>\n","protected":false},"featured_media":8047,"template":"","meta":{"_acf_changed":false},"product_brand":[],"product_cat":[77,21],"product_tag":[68,54,24,53],"class_list":{"0":"post-3886","1":"product","2":"type-product","3":"status-publish","4":"has-post-thumbnail","6":"product_cat-single-malt-de-bretagne","7":"product_cat-whisky","8":"product_tag-brut-de-fut","9":"product_tag-edition-limitee","10":"product_tag-kornog","11":"product_tag-single-cask","13":"first","14":"outofstock","15":"sold-individually","16":"taxable","17":"shipping-taxable","18":"purchasable","19":"product-type-simple"},"group_of_quantity":0,"min_quantity":0,"max_quantity":2,"exclude_order_quantity_value_rules":"no","exclude_category_quantity_rules":"no","combine_variations":"no","acf":[],"_links":{"self":[{"href":"https:\/\/www.celtic-whisky-distillerie.fr\/en\/wp-json\/wp\/v2\/product\/3886","targetHints":{"allow":["GET"]}}],"collection":[{"href":"https:\/\/www.celtic-whisky-distillerie.fr\/en\/wp-json\/wp\/v2\/product"}],"about":[{"href":"https:\/\/www.celtic-whisky-distillerie.fr\/en\/wp-json\/wp\/v2\/types\/product"}],"wp:featuredmedia":[{"embeddable":true,"href":"https:\/\/www.celtic-whisky-distillerie.fr\/en\/wp-json\/wp\/v2\/media\/8047"}],"wp:attachment":[{"href":"https:\/\/www.celtic-whisky-distillerie.fr\/en\/wp-json\/wp\/v2\/media?parent=3886"}],"wp:term":[{"taxonomy":"product_brand","embeddable":true,"href":"https:\/\/www.celtic-whisky-distillerie.fr\/en\/wp-json\/wp\/v2\/product_brand?post=3886"},{"taxonomy":"product_cat","embeddable":true,"href":"https:\/\/www.celtic-whisky-distillerie.fr\/en\/wp-json\/wp\/v2\/product_cat?post=3886"},{"taxonomy":"product_tag","embeddable":true,"href":"https:\/\/www.celtic-whisky-distillerie.fr\/en\/wp-json\/wp\/v2\/product_tag?post=3886"}],"curies":[{"name":"wp","href":"https:\/\/api.w.org\/{rel}","templated":true}]}}