
{"id":5381,"date":"2023-10-20T11:53:37","date_gmt":"2023-10-20T09:53:37","guid":{"rendered":"https:\/\/p13mdcbjuaa.preview.infomaniak.website\/?post_type=product&#038;p=5381"},"modified":"2026-04-24T11:42:05","modified_gmt":"2026-04-24T09:42:05","slug":"gwalarn-blend-pure-malt","status":"publish","type":"product","link":"https:\/\/www.celtic-whisky-distillerie.fr\/en\/product\/gwalarn-blend-pure-malt\/","title":{"rendered":"Gwalarn &#8211; Blend Pure Malt Celtique"},"content":{"rendered":"<p>Teneur en alcool : 40 %<\/p>\n<p>Volume : 70 cl<\/p>\n<p>Livr\u00e9 en \u00e9tui.<\/p>\n<p>Issu d&#8217;une s\u00e9lection rigoureuse de whiskies d&#8217;Ecosse alli\u00e9s au caract\u00e8re des whiskies allemands et couronn\u00e9 par la finesse de nos meilleurs single malt Fran\u00e7ais, notre maitre de chai signe un whisky audacieux portant le sceau qualitatif et le savoir-faire de la Celtic Whisky Distillerie connue, reconnue et r\u00e9compens\u00e9e depuis plus de 20 ans pour la qualit\u00e9 de ses cr\u00e9ations.<\/p>\n","protected":false},"excerpt":{"rendered":"<p>Gwalarn &#8211; Blend 100% Pure Malt.<\/p>\n<p>Il est produit en France avec une exigence qualitative et un esprit identique aux prestigieux single malts produits par la Celtic Whisky Distillerie.<\/p>\n","protected":false},"featured_media":5580,"template":"","meta":{"_acf_changed":false},"product_brand":[],"product_cat":[21,78],"product_tag":[79,56,57],"class_list":{"0":"post-5381","1":"product","2":"type-product","3":"status-publish","4":"has-post-thumbnail","6":"product_cat-whisky","7":"product_cat-blend","8":"product_tag-blend","9":"product_tag-blend-celtic","10":"product_tag-gwalarn","12":"first","13":"instock","14":"taxable","15":"shipping-taxable","16":"purchasable","17":"product-type-simple"},"group_of_quantity":0,"min_quantity":0,"max_quantity":12,"exclude_order_quantity_value_rules":"no","exclude_category_quantity_rules":"no","combine_variations":"no","acf":[],"_links":{"self":[{"href":"https:\/\/www.celtic-whisky-distillerie.fr\/en\/wp-json\/wp\/v2\/product\/5381","targetHints":{"allow":["GET"]}}],"collection":[{"href":"https:\/\/www.celtic-whisky-distillerie.fr\/en\/wp-json\/wp\/v2\/product"}],"about":[{"href":"https:\/\/www.celtic-whisky-distillerie.fr\/en\/wp-json\/wp\/v2\/types\/product"}],"wp:featuredmedia":[{"embeddable":true,"href":"https:\/\/www.celtic-whisky-distillerie.fr\/en\/wp-json\/wp\/v2\/media\/5580"}],"wp:attachment":[{"href":"https:\/\/www.celtic-whisky-distillerie.fr\/en\/wp-json\/wp\/v2\/media?parent=5381"}],"wp:term":[{"taxonomy":"product_brand","embeddable":true,"href":"https:\/\/www.celtic-whisky-distillerie.fr\/en\/wp-json\/wp\/v2\/product_brand?post=5381"},{"taxonomy":"product_cat","embeddable":true,"href":"https:\/\/www.celtic-whisky-distillerie.fr\/en\/wp-json\/wp\/v2\/product_cat?post=5381"},{"taxonomy":"product_tag","embeddable":true,"href":"https:\/\/www.celtic-whisky-distillerie.fr\/en\/wp-json\/wp\/v2\/product_tag?post=5381"}],"curies":[{"name":"wp","href":"https:\/\/api.w.org\/{rel}","templated":true}]}}