
{"id":5530,"date":"2023-11-22T10:53:35","date_gmt":"2023-11-22T09:53:35","guid":{"rendered":"https:\/\/p13mdcbjuaa.preview.infomaniak.website\/?post_type=product&#038;p=5530"},"modified":"2026-04-30T09:27:47","modified_gmt":"2026-04-30T07:27:47","slug":"glann-ar-mor-santez-azenor","status":"publish","type":"product","link":"https:\/\/www.celtic-whisky-distillerie.fr\/en\/product\/glann-ar-mor-santez-azenor\/","title":{"rendered":"Glann Ar Mor &#8211; Santez Azenor 2025"},"content":{"rendered":"<p>Livr\u00e9 sous canister.<\/p>\n<p>Teneur en alcool : 60.3 %Vol<\/p>\n<p>Volume : 70 cl<\/p>\n<p>&nbsp;<\/p>\n<p>Une fraicheur v\u00e9g\u00e9tale, tr\u00e8s iod\u00e9e et presque menthol\u00e9e se d\u00e9couvre d\u00e8s le premier nez. Ensuite de douces notes florales, l\u00e9g\u00e8rement brioch\u00e9es font ressortir de subtiles notes vanill\u00e9es.<\/p>\n","protected":false},"excerpt":{"rendered":"<p>L&#8217;hommage de la distillerie \u00e0 Santez Azenor, avec un single cask en brut de f\u00fbt.<\/p>\n<p>Une \u00e9dition limit\u00e9e \u00e0 215 bouteilles par\u00e9e d&#8217;une \u00e9tiquette en \u00e9tain et or.<\/p>\n","protected":false},"featured_media":8345,"template":"","meta":{"_acf_changed":false},"product_brand":[],"product_cat":[77,21],"product_tag":[68,54,25,53],"class_list":{"0":"post-5530","1":"product","2":"type-product","3":"status-publish","4":"has-post-thumbnail","6":"product_cat-single-malt-de-bretagne","7":"product_cat-whisky","8":"product_tag-brut-de-fut","9":"product_tag-edition-limitee","10":"product_tag-glann-ar-mor","11":"product_tag-single-cask","13":"first","14":"instock","15":"sold-individually","16":"taxable","17":"shipping-taxable","18":"purchasable","19":"product-type-simple"},"group_of_quantity":0,"min_quantity":0,"max_quantity":1,"exclude_order_quantity_value_rules":"no","exclude_category_quantity_rules":"no","combine_variations":"no","acf":[],"_links":{"self":[{"href":"https:\/\/www.celtic-whisky-distillerie.fr\/en\/wp-json\/wp\/v2\/product\/5530","targetHints":{"allow":["GET"]}}],"collection":[{"href":"https:\/\/www.celtic-whisky-distillerie.fr\/en\/wp-json\/wp\/v2\/product"}],"about":[{"href":"https:\/\/www.celtic-whisky-distillerie.fr\/en\/wp-json\/wp\/v2\/types\/product"}],"wp:featuredmedia":[{"embeddable":true,"href":"https:\/\/www.celtic-whisky-distillerie.fr\/en\/wp-json\/wp\/v2\/media\/8345"}],"wp:attachment":[{"href":"https:\/\/www.celtic-whisky-distillerie.fr\/en\/wp-json\/wp\/v2\/media?parent=5530"}],"wp:term":[{"taxonomy":"product_brand","embeddable":true,"href":"https:\/\/www.celtic-whisky-distillerie.fr\/en\/wp-json\/wp\/v2\/product_brand?post=5530"},{"taxonomy":"product_cat","embeddable":true,"href":"https:\/\/www.celtic-whisky-distillerie.fr\/en\/wp-json\/wp\/v2\/product_cat?post=5530"},{"taxonomy":"product_tag","embeddable":true,"href":"https:\/\/www.celtic-whisky-distillerie.fr\/en\/wp-json\/wp\/v2\/product_tag?post=5530"}],"curies":[{"name":"wp","href":"https:\/\/api.w.org\/{rel}","templated":true}]}}