
{"id":6038,"date":"2024-03-19T14:13:51","date_gmt":"2024-03-19T13:13:51","guid":{"rendered":"https:\/\/p13mdcbjuaa.preview.infomaniak.website\/?post_type=product&#038;p=6038"},"modified":"2025-08-16T10:35:09","modified_gmt":"2025-08-16T08:35:09","slug":"kornog-vieux-pineau-des-charentes","status":"publish","type":"product","link":"https:\/\/www.celtic-whisky-distillerie.fr\/en\/product\/kornog-vieux-pineau-des-charentes\/","title":{"rendered":"Kornog &#8211; Vieux Pineau des Charentes"},"content":{"rendered":"<p>Livr\u00e9 sous canister<\/p>\n<p>Teneur en alcool : 49.7 % Vol<\/p>\n<p>Volume : 70cl<\/p>\n<p>Edition limit\u00e9e &#8211; Finition de 4 mois en ex-fut de vieux Pineau des Charentes<\/p>\n<p>Uniquement 560 bouteilles disponibles.<\/p>\n<p>&nbsp;<\/p>\n<p>&nbsp;<\/p>\n","protected":false},"excerpt":{"rendered":"<p>Les notes tourb\u00e9es de Kornog se m\u00ealent avec gourmandise aux notes de noix et de rancio si caract\u00e9ristiques d\u2019un vieux Pineau des Charentes.<\/p>\n<p>&nbsp;<\/p>\n","protected":false},"featured_media":6104,"template":"","meta":{"_acf_changed":false},"product_brand":[],"product_cat":[77,21],"product_tag":[54,24],"class_list":{"0":"post-6038","1":"product","2":"type-product","3":"status-publish","4":"has-post-thumbnail","6":"product_cat-single-malt-de-bretagne","7":"product_cat-whisky","8":"product_tag-edition-limitee","9":"product_tag-kornog","11":"first","12":"outofstock","13":"taxable","14":"shipping-taxable","15":"purchasable","16":"product-type-simple"},"group_of_quantity":0,"min_quantity":0,"max_quantity":2,"exclude_order_quantity_value_rules":"no","exclude_category_quantity_rules":"no","combine_variations":"no","acf":[],"_links":{"self":[{"href":"https:\/\/www.celtic-whisky-distillerie.fr\/en\/wp-json\/wp\/v2\/product\/6038","targetHints":{"allow":["GET"]}}],"collection":[{"href":"https:\/\/www.celtic-whisky-distillerie.fr\/en\/wp-json\/wp\/v2\/product"}],"about":[{"href":"https:\/\/www.celtic-whisky-distillerie.fr\/en\/wp-json\/wp\/v2\/types\/product"}],"wp:featuredmedia":[{"embeddable":true,"href":"https:\/\/www.celtic-whisky-distillerie.fr\/en\/wp-json\/wp\/v2\/media\/6104"}],"wp:attachment":[{"href":"https:\/\/www.celtic-whisky-distillerie.fr\/en\/wp-json\/wp\/v2\/media?parent=6038"}],"wp:term":[{"taxonomy":"product_brand","embeddable":true,"href":"https:\/\/www.celtic-whisky-distillerie.fr\/en\/wp-json\/wp\/v2\/product_brand?post=6038"},{"taxonomy":"product_cat","embeddable":true,"href":"https:\/\/www.celtic-whisky-distillerie.fr\/en\/wp-json\/wp\/v2\/product_cat?post=6038"},{"taxonomy":"product_tag","embeddable":true,"href":"https:\/\/www.celtic-whisky-distillerie.fr\/en\/wp-json\/wp\/v2\/product_tag?post=6038"}],"curies":[{"name":"wp","href":"https:\/\/api.w.org\/{rel}","templated":true}]}}