
{"id":7074,"date":"2024-12-03T11:51:35","date_gmt":"2024-12-03T10:51:35","guid":{"rendered":"https:\/\/www.celtic-whisky-distillerie.fr\/?post_type=product&#038;p=7074"},"modified":"2026-05-05T19:16:09","modified_gmt":"2026-05-05T17:16:09","slug":"kornog-sauternes-bourbon-cask-reserve","status":"publish","type":"product","link":"https:\/\/www.celtic-whisky-distillerie.fr\/en\/product\/kornog-sauternes-bourbon-cask-reserve\/","title":{"rendered":"Kornog &#8211;  Sauternes Bourbon Cask Reserve"},"content":{"rendered":"<p>Livr\u00e9 sous canister<\/p>\n<p>Teneur en alcool : 53.4 % Vol<\/p>\n<p>Volume : 70cl<\/p>\n<p>Le nez est envoutant, complexe, d\u00e9veloppant des notes de pain d\u2019\u00e9pices et de miel, mais aussi de noix, de cuir\u2026<\/p>\n<p>En bouche, il n\u2019est que rondeur. La tourbe est puissante et gourmande relev\u00e9e par de jolies notes fruit\u00e9es qui viennent r\u00e9veiller les papilles.<\/p>\n<p>&nbsp;<\/p>\n","protected":false},"excerpt":{"rendered":"<p>Small batch &#8211; Double Maturation\u00a0 Sauternes &#8211; Bourbon<\/p>\n<p>Pr\u00e9curseur des maturation en ex-f\u00fbts de Sauternes, Celtic Whisky Distillerie r\u00e9invente l\u2019une des maturation qui l\u2019a fait connaitre.<\/p>\n","protected":false},"featured_media":7323,"template":"","meta":{"_acf_changed":false},"product_brand":[],"product_cat":[77,21],"product_tag":[54,24],"class_list":{"0":"post-7074","1":"product","2":"type-product","3":"status-publish","4":"has-post-thumbnail","6":"product_cat-single-malt-de-bretagne","7":"product_cat-whisky","8":"product_tag-edition-limitee","9":"product_tag-kornog","11":"first","12":"instock","13":"taxable","14":"shipping-taxable","15":"purchasable","16":"product-type-simple"},"group_of_quantity":0,"min_quantity":0,"max_quantity":1,"exclude_order_quantity_value_rules":"no","exclude_category_quantity_rules":"no","combine_variations":"no","acf":[],"_links":{"self":[{"href":"https:\/\/www.celtic-whisky-distillerie.fr\/en\/wp-json\/wp\/v2\/product\/7074","targetHints":{"allow":["GET"]}}],"collection":[{"href":"https:\/\/www.celtic-whisky-distillerie.fr\/en\/wp-json\/wp\/v2\/product"}],"about":[{"href":"https:\/\/www.celtic-whisky-distillerie.fr\/en\/wp-json\/wp\/v2\/types\/product"}],"wp:featuredmedia":[{"embeddable":true,"href":"https:\/\/www.celtic-whisky-distillerie.fr\/en\/wp-json\/wp\/v2\/media\/7323"}],"wp:attachment":[{"href":"https:\/\/www.celtic-whisky-distillerie.fr\/en\/wp-json\/wp\/v2\/media?parent=7074"}],"wp:term":[{"taxonomy":"product_brand","embeddable":true,"href":"https:\/\/www.celtic-whisky-distillerie.fr\/en\/wp-json\/wp\/v2\/product_brand?post=7074"},{"taxonomy":"product_cat","embeddable":true,"href":"https:\/\/www.celtic-whisky-distillerie.fr\/en\/wp-json\/wp\/v2\/product_cat?post=7074"},{"taxonomy":"product_tag","embeddable":true,"href":"https:\/\/www.celtic-whisky-distillerie.fr\/en\/wp-json\/wp\/v2\/product_tag?post=7074"}],"curies":[{"name":"wp","href":"https:\/\/api.w.org\/{rel}","templated":true}]}}