
{"id":7488,"date":"2025-03-05T10:19:56","date_gmt":"2025-03-05T09:19:56","guid":{"rendered":"https:\/\/www.celtic-whisky-distillerie.fr\/?post_type=product&#038;p=7488"},"modified":"2026-05-05T14:48:29","modified_gmt":"2026-05-05T12:48:29","slug":"gwalarn-sherry-cream-cask-finish","status":"publish","type":"product","link":"https:\/\/www.celtic-whisky-distillerie.fr\/en\/product\/gwalarn-sherry-cream-cask-finish\/","title":{"rendered":"Gwalarn Sherry Cream Cask Finish"},"content":{"rendered":"<p>Teneur en alcool : 42.5 %<\/p>\n<p>Volume : 70 cl<\/p>\n<p>Issu d&#8217;une s\u00e9lection rigoureuse de whiskies d&#8217;Ecosse alli\u00e9s au caract\u00e8re des whiskies allemands et couronn\u00e9 par la finesse de nos meilleurs single malt Fran\u00e7ais, notre ma\u00eetre de chai signe un whisky audacieux portant le sceau qualitatif et le savoir-faire de la Celtic Whisky Distillerie.<\/p>\n<p>Pour cette \u00e9dition, Gwalarn b\u00e9n\u00e9ficie d&#8217;un affinage en f\u00fbts Sherry. Elabor\u00e9e en quantit\u00e9 limit\u00e9e.<\/p>\n","protected":false},"excerpt":{"rendered":"<p>Gwalarn Sherry Cream Cask Finish\u00a0 &#8211; Edition limit\u00e9e 2025<\/p>\n<p>Produit en France avec une exigence qualitative et un esprit identique aux prestigieux single malts produits par la Celtic Whisky Distillerie.<\/p>\n","protected":false},"featured_media":7759,"template":"","meta":{"_acf_changed":false},"product_brand":[],"product_cat":[21,78],"product_tag":[79,56,54,57],"class_list":{"0":"post-7488","1":"product","2":"type-product","3":"status-publish","4":"has-post-thumbnail","6":"product_cat-whisky","7":"product_cat-blend","8":"product_tag-blend","9":"product_tag-blend-celtic","10":"product_tag-edition-limitee","11":"product_tag-gwalarn","13":"first","14":"instock","15":"taxable","16":"shipping-taxable","17":"purchasable","18":"product-type-simple"},"group_of_quantity":0,"min_quantity":0,"max_quantity":12,"exclude_order_quantity_value_rules":"no","exclude_category_quantity_rules":"no","combine_variations":"no","acf":[],"_links":{"self":[{"href":"https:\/\/www.celtic-whisky-distillerie.fr\/en\/wp-json\/wp\/v2\/product\/7488","targetHints":{"allow":["GET"]}}],"collection":[{"href":"https:\/\/www.celtic-whisky-distillerie.fr\/en\/wp-json\/wp\/v2\/product"}],"about":[{"href":"https:\/\/www.celtic-whisky-distillerie.fr\/en\/wp-json\/wp\/v2\/types\/product"}],"wp:featuredmedia":[{"embeddable":true,"href":"https:\/\/www.celtic-whisky-distillerie.fr\/en\/wp-json\/wp\/v2\/media\/7759"}],"wp:attachment":[{"href":"https:\/\/www.celtic-whisky-distillerie.fr\/en\/wp-json\/wp\/v2\/media?parent=7488"}],"wp:term":[{"taxonomy":"product_brand","embeddable":true,"href":"https:\/\/www.celtic-whisky-distillerie.fr\/en\/wp-json\/wp\/v2\/product_brand?post=7488"},{"taxonomy":"product_cat","embeddable":true,"href":"https:\/\/www.celtic-whisky-distillerie.fr\/en\/wp-json\/wp\/v2\/product_cat?post=7488"},{"taxonomy":"product_tag","embeddable":true,"href":"https:\/\/www.celtic-whisky-distillerie.fr\/en\/wp-json\/wp\/v2\/product_tag?post=7488"}],"curies":[{"name":"wp","href":"https:\/\/api.w.org\/{rel}","templated":true}]}}