
{"id":8521,"date":"2026-01-28T10:51:14","date_gmt":"2026-01-28T09:51:14","guid":{"rendered":"https:\/\/www.celtic-whisky-distillerie.fr\/?post_type=product&#038;p=8521"},"modified":"2026-01-28T11:17:03","modified_gmt":"2026-01-28T10:17:03","slug":"talbert-celtic-malt","status":"publish","type":"product","link":"https:\/\/www.celtic-whisky-distillerie.fr\/en\/product\/talbert-celtic-malt\/","title":{"rendered":"Talbert Celtic Malt"},"content":{"rendered":"<p>Nez :\u00a0\u00a0D\u00e9licatement floral, \u00e9voquant la bruy\u00e8re et la violette, relev\u00e9 par des touches de miel et de fruits jaunes<br \/>\nBouche :\u00a0Souple et raffin\u00e9e, associe notes de vanille, de foin s\u00e9ch\u00e9 et une l\u00e9g\u00e8re salinit\u00e9<br \/>\nFinale\u00a0:\u00a0Longue, harmonieuse et fra\u00eeche, ponctu\u00e9e d\u2019une pointe de th\u00e9 noir<\/p>\n<p>Teneur en alcool : 43 %<\/p>\n<p>Volume : 70 cl<\/p>\n<p>Livr\u00e9 dans son \u00e9tui.<\/p>\n<p>&nbsp;<\/p>\n","protected":false},"excerpt":{"rendered":"<p>Talbert est un malt d\u2019exception issu d\u2019un assemblage in\u00e9dit de single malts fran\u00e7ais, \u00e9cossais et allemand cr\u00e9e en hommage au Sillon de Talbert, situ\u00e9 face \u00e0 la distillerie, ce whisky incarne une vision contemporaine de l\u2019esprit celtique. Talbert est r\u00e9duit avec l\u2019eau de source et d\u00e9voile un profil aromatique pr\u00e9cis et raffin\u00e9.<\/p>\n","protected":false},"featured_media":8524,"template":"","meta":{"_acf_changed":false},"product_brand":[],"product_cat":[21,78],"product_tag":[79,56,57],"class_list":{"0":"post-8521","1":"product","2":"type-product","3":"status-publish","4":"has-post-thumbnail","6":"product_cat-whisky","7":"product_cat-blend","8":"product_tag-blend","9":"product_tag-blend-celtic","10":"product_tag-gwalarn","12":"first","13":"instock","14":"taxable","15":"shipping-taxable","16":"purchasable","17":"product-type-simple"},"group_of_quantity":0,"min_quantity":0,"max_quantity":12,"exclude_order_quantity_value_rules":"no","exclude_category_quantity_rules":"no","combine_variations":"no","acf":[],"_links":{"self":[{"href":"https:\/\/www.celtic-whisky-distillerie.fr\/en\/wp-json\/wp\/v2\/product\/8521","targetHints":{"allow":["GET"]}}],"collection":[{"href":"https:\/\/www.celtic-whisky-distillerie.fr\/en\/wp-json\/wp\/v2\/product"}],"about":[{"href":"https:\/\/www.celtic-whisky-distillerie.fr\/en\/wp-json\/wp\/v2\/types\/product"}],"wp:featuredmedia":[{"embeddable":true,"href":"https:\/\/www.celtic-whisky-distillerie.fr\/en\/wp-json\/wp\/v2\/media\/8524"}],"wp:attachment":[{"href":"https:\/\/www.celtic-whisky-distillerie.fr\/en\/wp-json\/wp\/v2\/media?parent=8521"}],"wp:term":[{"taxonomy":"product_brand","embeddable":true,"href":"https:\/\/www.celtic-whisky-distillerie.fr\/en\/wp-json\/wp\/v2\/product_brand?post=8521"},{"taxonomy":"product_cat","embeddable":true,"href":"https:\/\/www.celtic-whisky-distillerie.fr\/en\/wp-json\/wp\/v2\/product_cat?post=8521"},{"taxonomy":"product_tag","embeddable":true,"href":"https:\/\/www.celtic-whisky-distillerie.fr\/en\/wp-json\/wp\/v2\/product_tag?post=8521"}],"curies":[{"name":"wp","href":"https:\/\/api.w.org\/{rel}","templated":true}]}}