
{"id":8677,"date":"2026-04-10T15:41:38","date_gmt":"2026-04-10T13:41:38","guid":{"rendered":"https:\/\/www.celtic-whisky-distillerie.fr\/?post_type=product&#038;p=8677"},"modified":"2026-04-17T15:59:12","modified_gmt":"2026-04-17T13:59:12","slug":"glann-ar-mor-pineau-finish","status":"publish","type":"product","link":"https:\/\/www.celtic-whisky-distillerie.fr\/en\/product\/glann-ar-mor-pineau-finish\/","title":{"rendered":"Glann Ar Mor &#8211; Pineau Finish"},"content":{"rendered":"<p>Livr\u00e9 sous canister<\/p>\n<p>Teneur en alcool : 52.8 % Vol<\/p>\n<p>Volume : 70 cl<\/p>\n<p>Edition limit\u00e9e \u00e0 563 bouteilles, num\u00e9rot\u00e9es \u00e0 la main.<\/p>\n<p>Ce Glann Ar Mor, d\u2019une belle robe dor\u00e9e, d\u00e9voile un nez gourmand et fruit\u00e9. Les notes subtiles de raisins jouent avec celles des fruits secs, comme l\u2019abricot. Une l\u00e9g\u00e8re pointe saline ressort des notes de c\u00e9r\u00e9ales. L\u2019attaque est douce, ronde, toute en gourmandise fruit\u00e9e. Les fruits secs et le miel se fondent dans une touche de sel.<\/p>\n","protected":false},"excerpt":{"rendered":"<p>Avec Glann Ar Mor Pineau Finish, la distillerie signe une<br \/>\nnouvelle expression, n\u00e9e de la rencontre entre deux<br \/>\nterritoires d\u2019exception : la Bretagne et la Charente.<\/p>\n<p>&nbsp;<\/p>\n","protected":false},"featured_media":8701,"template":"","meta":{"_acf_changed":false},"product_brand":[],"product_cat":[77,21],"product_tag":[54,25],"class_list":{"0":"post-8677","1":"product","2":"type-product","3":"status-publish","4":"has-post-thumbnail","6":"product_cat-single-malt-de-bretagne","7":"product_cat-whisky","8":"product_tag-edition-limitee","9":"product_tag-glann-ar-mor","11":"first","12":"instock","13":"sold-individually","14":"taxable","15":"shipping-taxable","16":"purchasable","17":"product-type-simple"},"group_of_quantity":0,"min_quantity":0,"max_quantity":"","exclude_order_quantity_value_rules":"no","exclude_category_quantity_rules":"no","combine_variations":"no","acf":[],"_links":{"self":[{"href":"https:\/\/www.celtic-whisky-distillerie.fr\/en\/wp-json\/wp\/v2\/product\/8677","targetHints":{"allow":["GET"]}}],"collection":[{"href":"https:\/\/www.celtic-whisky-distillerie.fr\/en\/wp-json\/wp\/v2\/product"}],"about":[{"href":"https:\/\/www.celtic-whisky-distillerie.fr\/en\/wp-json\/wp\/v2\/types\/product"}],"wp:featuredmedia":[{"embeddable":true,"href":"https:\/\/www.celtic-whisky-distillerie.fr\/en\/wp-json\/wp\/v2\/media\/8701"}],"wp:attachment":[{"href":"https:\/\/www.celtic-whisky-distillerie.fr\/en\/wp-json\/wp\/v2\/media?parent=8677"}],"wp:term":[{"taxonomy":"product_brand","embeddable":true,"href":"https:\/\/www.celtic-whisky-distillerie.fr\/en\/wp-json\/wp\/v2\/product_brand?post=8677"},{"taxonomy":"product_cat","embeddable":true,"href":"https:\/\/www.celtic-whisky-distillerie.fr\/en\/wp-json\/wp\/v2\/product_cat?post=8677"},{"taxonomy":"product_tag","embeddable":true,"href":"https:\/\/www.celtic-whisky-distillerie.fr\/en\/wp-json\/wp\/v2\/product_tag?post=8677"}],"curies":[{"name":"wp","href":"https:\/\/api.w.org\/{rel}","templated":true}]}}